{"id":12111,"date":"2018-01-30T11:43:04","date_gmt":"2018-01-30T10:43:04","guid":{"rendered":"https:\/\/samiskbibliotektjeneste.wordpress.com\/?page_id=12111"},"modified":"2023-01-19T15:03:58","modified_gmt":"2023-01-19T14:03:58","slug":"lister-samisk-barne-og-ungdomslitteratur","status":"publish","type":"page","link":"https:\/\/backup.gnist.dev\/sambib\/lister-samisk-barne-og-ungdomslitteratur\/","title":{"rendered":"Lister samisk barne- og ungdomslitteratur"},"content":{"rendered":"<p><img data-recalc-dims=\"1\" loading=\"lazy\" decoding=\"async\" class=\"alignnone size-medium wp-image-17831\" src=\"https:\/\/i0.wp.com\/backup.gnist.dev\/sambib\/wp-content\/uploads\/2023\/01\/collage-2022.png?resize=300%2C242&#038;ssl=1\" alt=\"\" width=\"300\" height=\"242\" srcset=\"https:\/\/i0.wp.com\/backup.gnist.dev\/sambib\/wp-content\/uploads\/2023\/01\/collage-2022.png?resize=300%2C242&amp;ssl=1 300w, https:\/\/i0.wp.com\/backup.gnist.dev\/sambib\/wp-content\/uploads\/2023\/01\/collage-2022.png?resize=1024%2C826&amp;ssl=1 1024w, https:\/\/i0.wp.com\/backup.gnist.dev\/sambib\/wp-content\/uploads\/2023\/01\/collage-2022.png?resize=768%2C619&amp;ssl=1 768w, https:\/\/i0.wp.com\/backup.gnist.dev\/sambib\/wp-content\/uploads\/2023\/01\/collage-2022.png?resize=1536%2C1239&amp;ssl=1 1536w, https:\/\/i0.wp.com\/backup.gnist.dev\/sambib\/wp-content\/uploads\/2023\/01\/collage-2022.png?w=1974&amp;ssl=1 1974w\" sizes=\"auto, (max-width: 300px) 100vw, 300px\" \/><\/p>\n<p><strong>Samisk barne- og ungdomslitteratur<\/strong><\/p>\n<p><a href=\"https:\/\/backup.gnist.dev\/sambib\/wp-content\/uploads\/2023\/01\/Liste-samisk-barne-og-ungdomslitteratur-2022.pdf\">Samisk barne- og ungdomslitteratur 2022<\/a><\/p>\n<p><a href=\"http:\/\/backup.gnist.dev\/sambib\/wp-content\/uploads\/2022\/02\/Liste-samisk-barne-og-ungdomslitteratur-2021.pdf\">Samisk barne- og ungdomslitteratur 2021<\/a><\/p>\n<p><a href=\"http:\/\/backup.gnist.dev\/sambib\/wp-content\/uploads\/2021\/02\/Liste-samisk-barne-og-ungdomslitteratur-2020.pdf\">Samisk barne- og ungdomslitteratur 2020<\/a><\/p>\n<p><a href=\"https:\/\/backup.gnist.dev\/sambib\/wp-content\/uploads\/2022\/06\/Samiske-barne-og-ungdomsboker-2019-annotert.pdf\">Samiske barne- og ungdomsb\u00f8ker 2019\u00a0<\/a><\/p>\n<p><a href=\"https:\/\/backup.gnist.dev\/sambib\/wp-content\/uploads\/2022\/06\/Samiske-barne-og-ungdomsboker-2018-liste.pdf\">Samiske barne- og ungdomsb\u00f8ker 2018<\/a><\/p>\n<p><a href=\"https:\/\/backup.gnist.dev\/sambib\/wp-content\/uploads\/2022\/06\/Samiske-barne-og-ungdomsboker-2017.pdf\">Samiske barne- og ungdomsb\u00f8ker 2017<\/a><\/p>\n<p><a href=\"https:\/\/backup.gnist.dev\/sambib\/wp-content\/uploads\/2022\/06\/Samiske-barne-og-ungdomsboker-2016.pdf\">Samiske barne og ungdomsb\u00f8ker 2016<\/a><\/p>\n<p><a href=\"https:\/\/backup.gnist.dev\/sambib\/wp-content\/uploads\/2022\/06\/Nye-samiske-barne-og-ungdomsboker-2015.pdf\">Nye samiske barne- og ungdomsb\u00f8ker 2015<\/a><\/p>\n<p><a href=\"https:\/\/backup.gnist.dev\/sambib\/wp-content\/uploads\/2022\/06\/Nye-samiske-barne-og-ungdomsboker-2014.pdf\">Nye samiske barne- og ungdomsb\u00f8ker 2014<\/a><\/p>\n<p><a href=\"https:\/\/backup.gnist.dev\/sambib\/wp-content\/uploads\/2022\/06\/Samiske-barne-og-ungdomsboker-2013.pdf\">Samiske barne og ungdomsb\u00f8ker 2013<\/a><\/p>\n<p><a href=\"https:\/\/backup.gnist.dev\/sambib\/wp-content\/uploads\/2022\/06\/Liste-samisk-barne-og-ungdomslitteratur-2012.pdf\">Liste samisk barne-og ungdomslitteratur 2012<\/a><\/p>\n","protected":false},"excerpt":{"rendered":"<p>Samisk barne- og ungdomslitteratur Samisk barne- og ungdomslitteratur 2022 Samisk barne- og ungdomslitteratur 2021 Samisk barne- og ungdomslitteratur 2020 Samiske barne- og ungdomsb\u00f8ker 2019\u00a0 Samiske barne- og ungdomsb\u00f8ker 2018 Samiske barne- og ungdomsb\u00f8ker 2017 Samiske barne og ungdomsb\u00f8ker 2016 Nye samiske barne- og ungdomsb\u00f8ker 2015 Nye samiske barne- og ungdomsb\u00f8ker 2014 Samiske barne og ungdomsb\u00f8ker &hellip; <\/p>\n<p class=\"link-more\"><a href=\"https:\/\/backup.gnist.dev\/sambib\/lister-samisk-barne-og-ungdomslitteratur\/\" class=\"more-link\">Fortsett \u00e5 lese<span class=\"screen-reader-text\"> \u00abLister samisk barne- og ungdomslitteratur\u00bb<\/span><\/a><\/p>\n","protected":false},"author":7,"featured_media":0,"parent":0,"menu_order":0,"comment_status":"closed","ping_status":"closed","template":"","meta":{"jetpack_post_was_ever_published":false,"footnotes":""},"class_list":["post-12111","page","type-page","status-publish","hentry"],"jetpack_sharing_enabled":true,"jetpack_shortlink":"https:\/\/wp.me\/PaButM-39l","_links":{"self":[{"href":"https:\/\/backup.gnist.dev\/sambib\/wp-json\/wp\/v2\/pages\/12111","targetHints":{"allow":["GET"]}}],"collection":[{"href":"https:\/\/backup.gnist.dev\/sambib\/wp-json\/wp\/v2\/pages"}],"about":[{"href":"https:\/\/backup.gnist.dev\/sambib\/wp-json\/wp\/v2\/types\/page"}],"author":[{"embeddable":true,"href":"https:\/\/backup.gnist.dev\/sambib\/wp-json\/wp\/v2\/users\/7"}],"replies":[{"embeddable":true,"href":"https:\/\/backup.gnist.dev\/sambib\/wp-json\/wp\/v2\/comments?post=12111"}],"version-history":[{"count":18,"href":"https:\/\/backup.gnist.dev\/sambib\/wp-json\/wp\/v2\/pages\/12111\/revisions"}],"predecessor-version":[{"id":17832,"href":"https:\/\/backup.gnist.dev\/sambib\/wp-json\/wp\/v2\/pages\/12111\/revisions\/17832"}],"wp:attachment":[{"href":"https:\/\/backup.gnist.dev\/sambib\/wp-json\/wp\/v2\/media?parent=12111"}],"curies":[{"name":"wp","href":"https:\/\/api.w.org\/{rel}","templated":true}]}}