{"id":16923,"date":"2022-06-16T12:28:35","date_gmt":"2022-06-16T10:28:35","guid":{"rendered":"https:\/\/backup.gnist.dev\/sambib\/?page_id=16923"},"modified":"2022-07-04T14:21:44","modified_gmt":"2022-07-04T12:21:44","slug":"podcast","status":"publish","type":"page","link":"https:\/\/backup.gnist.dev\/sambib\/podcast\/","title":{"rendered":"Podcast"},"content":{"rendered":"<p><iframe loading=\"lazy\" style=\"border-radius: 12px;\" src=\"https:\/\/open.spotify.com\/embed\/episode\/1w6xLk95lAxK7rvTQLJtqy?utm_source=generator\" width=\"100%\" height=\"152\" frameborder=\"0\" allowfullscreen=\"allowfullscreen\"><\/iframe><\/p>\n<p><iframe title=\"Spotify Embed: Episode 1 &quot;Hva tenner Sapmi p\u00e5?&quot; med Anne Wuolab og June Sommer Strask, om erotikk i samisk litteratur og joik\" style=\"border-radius: 12px\" width=\"100%\" height=\"152\" frameborder=\"0\" allowfullscreen allow=\"autoplay; clipboard-write; encrypted-media; fullscreen; picture-in-picture\" loading=\"lazy\" src=\"https:\/\/open.spotify.com\/embed\/episode\/0ecs9LugOJW75xUNpxkdi0?si=5JGWRwEXSvCnZwSDXTqXNA&amp;fbclid=IwAR1R2A5F0LlFCPUB-vBanYMeueIUHDtJHdYpg6jj26iK45H10jqpJjiwlnc&amp;nd=1&amp;utm_source=oembed\"><\/iframe><\/p>\n<p>Det er Sametingets bibliotek som produserer podcasten og denne serien med to episoder er spilt inn i samarbeid med Tr\u00e5anten samien d\u00e5ehkie, under &laquo;Amma tr\u00e5ante 2022.&raquo;<\/p>\n<p>Podcasten har ikke fast sendetid, men vil produsere flere episoder, med utgangspunkt i aktuelle tema, og med fokus p\u00e5 samiske forfattere og samisk litteratur. Vi har fokus p\u00e5 samiske kultur-, og litteraturarrangement, og \u00f8nsker en levende og p\u00e5g\u00e5ende samtale.<\/p>\n<p>Har du sp\u00f8rsm\u00e5l? Bruk kontakt skjema under eller ta direkte kontakt med Marianne Kappfjell, litteratur formidler for Sametingets bibliotek, i s\u00f8rsamisk omr\u00e5de.<\/p>\n<p>telefon; 99037736<\/p>\n<p>&nbsp;<\/p>\n<p>Samisk erotisk litteratur; <a href=\"https:\/\/backup.gnist.dev\/sambib\/wp-content\/uploads\/2022\/06\/Litteraturliste-for-podcast-Hva-tenner-Sapmi-pa.docx\">Litteraturliste for podcast Hva tenner Sapmi p\u00e5<\/a><\/p>\n<div data-test='contact-form'\n\t\t\tid='contact-form-16923'\n\t\t\tclass='jetpack-contact-form-container '\n\t\t\tdata-wp-interactive='jetpack\/form' data-wp-context='{\"formId\":\"16923\",\"formHash\":\"8a377b7e23499261cddd7d8326f0c2c79fc075c4\",\"showErrors\":false,\"errors\":[],\"fields\":[],\"isMultiStep\":false,\"useAjax\":true,\"submissionData\":null,\"formattedSubmissionData\":[],\"submissionSuccess\":false,\"submissionError\":null,\"elementId\":\"jp-form-8a377b7e23499261cddd7d8326f0c2c79fc075c4\",\"isSingleInputForm\":false,\"isForcedHorizontal\":false}'\n\t\t\tdata-wp-watch--scroll-to-wrapper=\"callbacks.scrollToWrapper\"\n\t\t>\n<div class=\"contact-form-submission contact-form-ajax-submission\" data-wp-bind--aria-hidden=\"state.isSuccessMessageAriaHidden\" data-wp-class--submission-success=\"context.submissionSuccess\" id=\"contact-form-success-8a377b7e23499261cddd7d8326f0c2c79fc075c4\" tabindex=\"-1\" aria-labelledby=\"contact-form-success-header-8a377b7e23499261cddd7d8326f0c2c79fc075c4\"><p class=\"go-back-message\"><a class=\"link\" role=\"button\" tabindex=\"0\" data-wp-on--click=\"actions.goBack\" href=\"\/sambib\/wp-json\/wp\/v2\/pages\/16923\">\u2190 Tilbake<\/a><\/p><h4 data-wp-bind--aria-hidden=\"state.isSuccessMessageAriaHidden\" id=\"contact-form-success-header-8a377b7e23499261cddd7d8326f0c2c79fc075c4\">Takk for din tilbakemelding. \u2728<\/h4>\n\n<template data-wp-each--submission=\"context.formattedSubmissionData\">\n\t\t\t\t\t<div class=\"jetpack_forms_contact-form-success-summary\">\n\t\t\t\t\t\t<div class=\"field-name-wrapper\">\n\t\t\t\t\t\t\t<div class=\"field-type-icon\" data-wp-watch=\"callbacks.watchFieldTypeIcon\"><\/div>\n\t\t\t\t\t\t\t<div class=\"field-name\" data-wp-text=\"context.submission.label\" data-wp-bind--hidden=\"!context.submission.label\"><\/div>\n\t\t\t\t\t\t<\/div>\n\t\t\t\t\t\t<div class=\"field-value\" data-wp-text=\"context.submission.value\" data-wp-bind--hidden=\"!context.submission.showPlainValue\"><\/div>\n\t\t\t\t\t\t<a class=\"field-url\" data-wp-bind--href=\"context.submission.url\" data-wp-text=\"context.submission.value\" data-wp-bind--hidden=\"!context.submission.url\" target=\"_blank\" rel=\"noopener noreferrer\"><\/a>\n\t\t\t\t\t\t<div class=\"field-rating\" data-wp-bind--hidden=\"!context.submission.rating\" data-wp-watch=\"callbacks.watchRatingIcons\"><\/div>\n\t\t\t\t\t\t<div class=\"field-images\" data-wp-bind--hidden=\"!context.submission.images\">\n\t\t\t\t\t\t\t<template data-wp-each--image=\"context.submission.images\">\n\t\t\t\t\t\t\t\t<div class=\"field-image-option\" data-wp-class--is-empty=\"!context.image.src\">\n\t\t\t\t\t\t\t\t\t<figure class=\"field-image-option__image\" data-wp-class--is-empty=\"!context.image.src\">\n\t\t\t\t\t\t\t\t\t\t<img data-wp-bind--src=\"context.image.src\" data-wp-bind--hidden=\"!context.image.src\" \/>\n\t\t\t\t\t\t\t\t\t\t<img decoding=\"async\" src=\"data:image\/gif;base64,R0lGODlhAQABAAD\/ACwAAAAAAQABAAACADs=\" data-wp-bind--hidden=\"context.image.src\" \/>\n\t\t\t\t\t\t\t\t\t<\/figure>\n\t\t\t\t\t\t\t\t\t<div class=\"field-image-option__label-wrapper\">\n\t\t\t\t\t\t\t\t\t\t<span class=\"field-image-option__label-code\" data-wp-text=\"context.image.letterCode\"><\/span>\n\t\t\t\t\t\t\t\t\t\t<span class=\"field-image-option__label\" data-wp-text=\"context.image.label\" data-wp-bind--hidden=\"!context.image.label\"><\/span>\n\t\t\t\t\t\t\t\t\t<\/div>\n\t\t\t\t\t\t\t\t<\/div>\n\t\t\t\t\t\t\t<\/template>\n\t\t\t\t\t\t<\/div>\n\t\t\t\t\t\t<div class=\"field-files\" data-wp-bind--hidden=\"!context.submission.files\">\n\t\t\t\t\t\t\t<template data-wp-each--file=\"context.submission.files\">\n\t\t\t\t\t\t\t\t<div class=\"field-file\">\n\t\t\t\t\t\t\t\t\t<div class=\"field-file__thumbnail\" data-wp-style--background-image=\"context.file.previewUrl\" data-wp-style--mask-image=\"context.file.iconUrl\" data-wp-bind--hidden=\"!context.file.hasPreview\"><\/div>\n\t\t\t\t\t\t\t\t\t<svg class=\"field-file__icon\" data-wp-bind--hidden=\"context.file.hasPreview\" width=\"20\" height=\"20\" viewBox=\"0 0 24 24\" fill=\"none\" xmlns=\"http:\/\/www.w3.org\/2000\/svg\" aria-hidden=\"true\">\n\t\t\t\t\t\t\t\t\t\t<path d=\"M14 2H6C4.9 2 4 2.9 4 4V20C4 21.1 4.89 22 5.99 22H18C19.1 22 20 21.1 20 20V8L14 2ZM18 20H6V4H13V9H18V20Z\" fill=\"currentColor\"\/>\n\t\t\t\t\t\t\t\t\t<\/svg>\n\t\t\t\t\t\t\t\t\t<span class=\"field-file__name\" data-wp-text=\"context.file.name\"><\/span>\n\t\t\t\t\t\t\t\t\t<span class=\"field-file__size\" data-wp-text=\"context.file.size\"><\/span>\n\t\t\t\t\t\t\t\t<\/div>\n\t\t\t\t\t\t\t<\/template>\n\t\t\t\t\t\t<\/div>\n\t\t\t\t\t<\/div>\n\t\t\t\t<\/template><\/div><form action='https:\/\/backup.gnist.dev\/sambib\/podcast\/'\n\t\t\t\tid='jp-form-8a377b7e23499261cddd7d8326f0c2c79fc075c4'\n\t\t\t\tmethod='post'\n\t\t\t\tclass='contact-form commentsblock jetpack-contact-form__form has-no-jetpack-form-layout' aria-label=\"Podcast\"\n\t\t\t\tdata-wp-on--submit=\"actions.onFormSubmit\"\n\t\t\t\tdata-wp-on--reset=\"actions.onFormReset\"\n\t\t\t\tdata-wp-class--submission-success=\"context.submissionSuccess\"\n\t\t\t\tdata-wp-class--is-first-step=\"state.isFirstStep\"\n\t\t\t\tdata-wp-class--is-last-step=\"state.isLastStep\"\n\t\t\t\tdata-wp-class--is-ajax-form=\"context.useAjax\"\n\t\t\t\tnovalidate >\n<input type='hidden' name='jetpack_contact_form_jwt' value='eyJ0eXAiOiJKV1QiLCJhbGciOiJIUzI1NiJ9.eyJlbmNyeXB0ZWRfYXR0cmlidXRlcyI6Ii9RRC9RTGpORWVRTjA0NW4zV1dDelJ3R0ZITGZOazZCZ3ZDUDNxb1RQOE1RWTJYVTRHSXhiOTlTbDNka0Y4bHpKcWVsQTZKUHc0ZHJUS3p1cDRxakc0bDExOFBhYiswdTU0VHg4akVxaUpDMUxFa3hnWVk5WFRaSHhEUjIrb1FSSU1UNTdtTmRoL3o5aFd5WjNEaTJBK1I0YUI1cVRpTjFucXR1cG8zUEZhMnRDMHBzRWtOcnZZN1hVZUJUc3o2QkJ0QWdvTDlMYTZJaTF6UW1iOThnbWtEQ3JXcExTN1V2QzEzSnp5V25uWkh2RVBNZjIwUnkrajluMlRXaE1UV2hPQjBJVWZMaXNtUnpGdnZISGFQUGhXa3RjU1hQWktoVkEvZHlkZit4TS8vNmNSL00yMW5SRU1QQzRjVmhFdDVhU0ZLL0duYzhaSDFpb0k1aC8yQ3VHSDV6ZSs1SDdVaDJYcDRmcDVqK2pYN1R4RisxQUQxd1JkMXg3WG9lelNpSVEzWVVYci9wTVBvNGQ3RzNXVFQrM0VoN3Q5eERIRXlJZVBiWG1QVzhSN1NMNHdJU3NIcStMeTladXBRSmpuejM4UDEyZGxqUUorTzY2NkVzakRza1MxVVlCcGRGZDFKdzBGcGhYb1FzT004YUNlSVYzZGRhQU1HNG5NOFJrcDA4VWthMUI5NFNzeHMzU040U3BVWTlkdDVQNG9BbkdHMU5OZGY3ZGd6WTRNWXZXd1owWGI2M0xVNGxleWQyek5RTlRTQUFZQ3MyRGk1K2F5dE5jQmxLMFpYS0huU0hGbDZEK0wydlIyby9qNmkrZHB3L3YzK2x3eWhZMDhVQURQUjhDMm5MVEV2L2FRYVFRVUNLcHdWNUtMOEZFM1NyMU1meTNGcUFQdkJZTUpXZ0MzVkJHUS8wN0dIVVlqVlFiVENVbGN0cFVFZVMycnFISmx6eGo3S0h6cFllQU9nRkk3U1orR05hRFBKUFVIeGJNb3BmTUVtNFNoNHgrZGNyN3JwZDdJMUxlOGlqWjR2RjluTFJ4WTVVWVhpZGIvSFVLVHhybjVST0Roa3REM2dGTkRrM1pweTZTdGxDK0FzS2FiczVvYUtrUE4xdE9pZ1Yxejh2azEyNmVoWDVDaDMwbXgrNEtMU0xoRzNvMWNIREtSK3FPSzd4WmR0QzZ1Wmw3QW9RaGZ6QnZRPT0iLCJjb250ZW50IjoiW2NvbnRhY3QtZmllbGQgbGFiZWw9XCJOYXZuXCIgdHlwZT1cIm5hbWVcIiByZXF1aXJlZD1cIjFcIl1bY29udGFjdC1maWVsZCBsYWJlbD1cIkUtcG9zdFwiIHR5cGU9XCJlbWFpbFwiIHJlcXVpcmVkPVwiMVwiXVtjb250YWN0LWZpZWxkIGxhYmVsPVwiTmV0dHN0ZWRcIiB0eXBlPVwidXJsXCJdW2NvbnRhY3QtZmllbGQgbGFiZWw9XCJNZWxkaW5nXCIgdHlwZT1cInRleHRhcmVhXCJdIiwiaGFzaCI6IjhhMzc3YjdlMjM0OTkyNjFjZGRkN2Q4MzI2ZjBjMmM3OWZjMDc1YzQiLCJzb3VyY2UiOnsiZW50cnlfdGl0bGUiOiJQb2RjYXN0IiwiZW50cnlfcGFnZSI6MSwic291cmNlX2lkIjoxNjkyMywic291cmNlX3R5cGUiOiJzaW5nbGUiLCJyZXF1ZXN0X3VybCI6Imh0dHBzOi8vYmFja3VwLmduaXN0LmRldi9zYW1iaWIvd3AtanNvbi93cC92Mi9wYWdlcy8xNjkyMyJ9LCJ2ZXJzaW9uIjoyLCJjaXBoZXIiOiJhZXMtMjU2LWdjbSJ9.H8ef9S1u96alyD0qUA-uSIad35j_ZzbZFLnieWX8hCg' \/>\n\n<div style=\"\"  data-wp-interactive=\"jetpack\/form\" data-wp-context='{\"fieldId\":\"g16923-navn\",\"fieldType\":\"name\",\"fieldLabel\":\"Navn\",\"fieldValue\":\"\",\"fieldPlaceholder\":\"\",\"fieldIsRequired\":\"1\",\"fieldErrorMessage\":\"\",\"fieldExtra\":[],\"formHash\":\"8a377b7e23499261cddd7d8326f0c2c79fc075c4\"}'  class='grunion-field-name-wrap grunion-field-wrap'  data-wp-init='callbacks.initializeField' data-wp-on--jetpack-form-reset='callbacks.initializeField' >\n<label\n\t\t\t\tfor='g16923-navn' class=\"grunion-field-label name\" >Navn<span class=\"grunion-label-required\" aria-hidden=\"true\">(n\u00f8dvendig)<\/span><\/label>\n<input\n\t\t\t\t\ttype='text'\n\t\t\t\t\tname='g16923-navn'\n\t\t\t\t\tid='g16923-navn'\n\t\t\t\t\tvalue=''\n\n\t\t\t\t\tdata-wp-bind--aria-invalid='state.fieldAriaInvalid'\n\t\t\t\t\tdata-wp-bind--value='state.getFieldValue'\n\t\t\t\t\taria-describedby='g16923-navn-text-error-message'\n\t\t\t\t\tdata-wp-on--input='actions.onFieldChange'\n\t\t\t\t\tdata-wp-on--blur='actions.onFieldBlur'\n\t\t\t\t\tdata-wp-class--has-value='state.hasFieldValue'\n\n\t\t\t\t\tclass='name  grunion-field' \n\t\t\t\t\trequired='true' aria-required='true'  \/>\n \n\t\t\t<div id=\"g16923-navn-text-error\" class=\"contact-form__input-error\" data-wp-class--has-errors=\"state.fieldHasErrors\">\n\t\t\t\t<span class=\"contact-form__warning-icon\" aria-hidden=\"true\">\n\t\t\t\t\t<svg width=\"16\" height=\"16\" viewBox=\"0 0 16 16\" fill=\"none\" xmlns=\"http:\/\/www.w3.org\/2000\/svg\">\n\t\t\t\t\t\t<path d=\"M8.50015 11.6402H7.50015V10.6402H8.50015V11.6402Z\" \/>\n\t\t\t\t\t\t<path d=\"M7.50015 9.64018H8.50015V6.30684H7.50015V9.64018Z\" \/>\n\t\t\t\t\t\t<path fill-rule=\"evenodd\" clip-rule=\"evenodd\" d=\"M6.98331 3.0947C7.42933 2.30177 8.57096 2.30177 9.01698 3.09469L13.8771 11.7349C14.3145 12.5126 13.7525 13.4735 12.8602 13.4735H3.14004C2.24774 13.4735 1.68575 12.5126 2.12321 11.7349L6.98331 3.0947ZM8.14541 3.58496C8.08169 3.47168 7.9186 3.47168 7.85488 3.58496L2.99478 12.2251C2.93229 12.3362 3.01257 12.4735 3.14004 12.4735H12.8602C12.9877 12.4735 13.068 12.3362 13.0055 12.2251L8.14541 3.58496Z\" \/>\n\t\t\t\t\t<\/svg>\n\t\t\t\t<\/span>\n\t\t\t\t<span data-wp-text=\"state.errorMessage\" id=\"g16923-navn-text-error-message\"><\/span>\n\t\t\t<\/div> \n\t<\/div>\n\n<div style=\"\"  data-wp-interactive=\"jetpack\/form\" data-wp-context='{\"fieldId\":\"g16923-epost\",\"fieldType\":\"email\",\"fieldLabel\":\"E-post\",\"fieldValue\":\"\",\"fieldPlaceholder\":\"\",\"fieldIsRequired\":\"1\",\"fieldErrorMessage\":\"\",\"fieldExtra\":[],\"formHash\":\"8a377b7e23499261cddd7d8326f0c2c79fc075c4\"}'  class='grunion-field-email-wrap grunion-field-wrap'  data-wp-init='callbacks.initializeField' data-wp-on--jetpack-form-reset='callbacks.initializeField' >\n<label\n\t\t\t\tfor='g16923-epost' class=\"grunion-field-label email\" >E-post<span class=\"grunion-label-required\" aria-hidden=\"true\">(n\u00f8dvendig)<\/span><\/label>\n<input\n\t\t\t\t\ttype='email'\n\t\t\t\t\tname='g16923-epost'\n\t\t\t\t\tid='g16923-epost'\n\t\t\t\t\tvalue=''\n\n\t\t\t\t\tdata-wp-bind--aria-invalid='state.fieldAriaInvalid'\n\t\t\t\t\tdata-wp-bind--value='state.getFieldValue'\n\t\t\t\t\taria-describedby='g16923-epost-email-error-message'\n\t\t\t\t\tdata-wp-on--input='actions.onFieldChange'\n\t\t\t\t\tdata-wp-on--blur='actions.onFieldBlur'\n\t\t\t\t\tdata-wp-class--has-value='state.hasFieldValue'\n\n\t\t\t\t\tclass='email  grunion-field' \n\t\t\t\t\trequired='true' aria-required='true'  \/>\n \n\t\t\t<div id=\"g16923-epost-email-error\" class=\"contact-form__input-error\" data-wp-class--has-errors=\"state.fieldHasErrors\">\n\t\t\t\t<span class=\"contact-form__warning-icon\" aria-hidden=\"true\">\n\t\t\t\t\t<svg width=\"16\" height=\"16\" viewBox=\"0 0 16 16\" fill=\"none\" xmlns=\"http:\/\/www.w3.org\/2000\/svg\">\n\t\t\t\t\t\t<path d=\"M8.50015 11.6402H7.50015V10.6402H8.50015V11.6402Z\" \/>\n\t\t\t\t\t\t<path d=\"M7.50015 9.64018H8.50015V6.30684H7.50015V9.64018Z\" \/>\n\t\t\t\t\t\t<path fill-rule=\"evenodd\" clip-rule=\"evenodd\" d=\"M6.98331 3.0947C7.42933 2.30177 8.57096 2.30177 9.01698 3.09469L13.8771 11.7349C14.3145 12.5126 13.7525 13.4735 12.8602 13.4735H3.14004C2.24774 13.4735 1.68575 12.5126 2.12321 11.7349L6.98331 3.0947ZM8.14541 3.58496C8.08169 3.47168 7.9186 3.47168 7.85488 3.58496L2.99478 12.2251C2.93229 12.3362 3.01257 12.4735 3.14004 12.4735H12.8602C12.9877 12.4735 13.068 12.3362 13.0055 12.2251L8.14541 3.58496Z\" \/>\n\t\t\t\t\t<\/svg>\n\t\t\t\t<\/span>\n\t\t\t\t<span data-wp-text=\"state.errorMessage\" id=\"g16923-epost-email-error-message\"><\/span>\n\t\t\t<\/div> \n\t<\/div>\n\n<div style=\"\"  data-wp-interactive=\"jetpack\/form\" data-wp-context='{\"fieldId\":\"g16923-nettsted\",\"fieldType\":\"url\",\"fieldLabel\":\"Nettsted\",\"fieldValue\":\"\",\"fieldPlaceholder\":\"\",\"fieldIsRequired\":\"\",\"fieldErrorMessage\":\"\",\"fieldExtra\":[],\"formHash\":\"8a377b7e23499261cddd7d8326f0c2c79fc075c4\"}'  class='grunion-field-url-wrap grunion-field-wrap'  data-wp-init='callbacks.initializeField' data-wp-on--jetpack-form-reset='callbacks.initializeField' >\n<label\n\t\t\t\tfor='g16923-nettsted' class=\"grunion-field-label url\" >Nettsted<\/label>\n<input\n\t\t\t\t\ttype='text'\n\t\t\t\t\tname='g16923-nettsted'\n\t\t\t\t\tid='g16923-nettsted'\n\t\t\t\t\tvalue=''\n\n\t\t\t\t\tdata-wp-bind--aria-invalid='state.fieldAriaInvalid'\n\t\t\t\t\tdata-wp-bind--value='state.getFieldValue'\n\t\t\t\t\taria-describedby='g16923-nettsted-text-error-message'\n\t\t\t\t\tdata-wp-on--input='actions.onFieldChange'\n\t\t\t\t\tdata-wp-on--blur='actions.onFieldBlur'\n\t\t\t\t\tdata-wp-class--has-value='state.hasFieldValue'\n\n\t\t\t\t\tclass='url  grunion-field' \n\t\t\t\t\t \/>\n \n\t\t\t<div id=\"g16923-nettsted-text-error\" class=\"contact-form__input-error\" data-wp-class--has-errors=\"state.fieldHasErrors\">\n\t\t\t\t<span class=\"contact-form__warning-icon\" aria-hidden=\"true\">\n\t\t\t\t\t<svg width=\"16\" height=\"16\" viewBox=\"0 0 16 16\" fill=\"none\" xmlns=\"http:\/\/www.w3.org\/2000\/svg\">\n\t\t\t\t\t\t<path d=\"M8.50015 11.6402H7.50015V10.6402H8.50015V11.6402Z\" \/>\n\t\t\t\t\t\t<path d=\"M7.50015 9.64018H8.50015V6.30684H7.50015V9.64018Z\" \/>\n\t\t\t\t\t\t<path fill-rule=\"evenodd\" clip-rule=\"evenodd\" d=\"M6.98331 3.0947C7.42933 2.30177 8.57096 2.30177 9.01698 3.09469L13.8771 11.7349C14.3145 12.5126 13.7525 13.4735 12.8602 13.4735H3.14004C2.24774 13.4735 1.68575 12.5126 2.12321 11.7349L6.98331 3.0947ZM8.14541 3.58496C8.08169 3.47168 7.9186 3.47168 7.85488 3.58496L2.99478 12.2251C2.93229 12.3362 3.01257 12.4735 3.14004 12.4735H12.8602C12.9877 12.4735 13.068 12.3362 13.0055 12.2251L8.14541 3.58496Z\" \/>\n\t\t\t\t\t<\/svg>\n\t\t\t\t<\/span>\n\t\t\t\t<span data-wp-text=\"state.errorMessage\" id=\"g16923-nettsted-text-error-message\"><\/span>\n\t\t\t<\/div> \n\t<\/div>\n\n<div style=\"\"  data-wp-interactive=\"jetpack\/form\" data-wp-context='{\"fieldId\":\"g16923-melding\",\"fieldType\":\"textarea\",\"fieldLabel\":\"Melding\",\"fieldValue\":\"\",\"fieldPlaceholder\":\"\",\"fieldIsRequired\":\"\",\"fieldErrorMessage\":\"\",\"fieldExtra\":[],\"formHash\":\"8a377b7e23499261cddd7d8326f0c2c79fc075c4\"}'  class='grunion-field-textarea-wrap grunion-field-wrap'  data-wp-init='callbacks.initializeField' data-wp-on--jetpack-form-reset='callbacks.initializeField' >\n<label\n\t\t\t\tfor='contact-form-comment-g16923-melding' class=\"grunion-field-label textarea\" >Melding<\/label>\n<textarea\n\t\t                style=''\n\t\t                name='g16923-melding'\n\t\t                id='contact-form-comment-g16923-melding'\n\t\t                rows='20'\n\t\t\t\t\t\tdata-wp-text='state.getFieldValue'\n\t\t\t\t\t\tdata-wp-on--input='actions.onFieldChange'\n\t\t\t\t\t\tdata-wp-on--blur='actions.onFieldBlur'\n\t\t\t\t\t\tdata-wp-class--has-value='state.hasFieldValue'\n\t\t\t\t\t\taria-describedby='g16923-melding-textarea-error-message'\n\t\t\t\t\t\tdata-wp-bind--aria-invalid='state.fieldAriaInvalid'\n\t\t\t\t\t\tclass='textarea  grunion-field'  ><\/textarea>\n \n\t\t\t<div id=\"g16923-melding-textarea-error\" class=\"contact-form__input-error\" data-wp-class--has-errors=\"state.fieldHasErrors\">\n\t\t\t\t<span class=\"contact-form__warning-icon\" aria-hidden=\"true\">\n\t\t\t\t\t<svg width=\"16\" height=\"16\" viewBox=\"0 0 16 16\" fill=\"none\" xmlns=\"http:\/\/www.w3.org\/2000\/svg\">\n\t\t\t\t\t\t<path d=\"M8.50015 11.6402H7.50015V10.6402H8.50015V11.6402Z\" \/>\n\t\t\t\t\t\t<path d=\"M7.50015 9.64018H8.50015V6.30684H7.50015V9.64018Z\" \/>\n\t\t\t\t\t\t<path fill-rule=\"evenodd\" clip-rule=\"evenodd\" d=\"M6.98331 3.0947C7.42933 2.30177 8.57096 2.30177 9.01698 3.09469L13.8771 11.7349C14.3145 12.5126 13.7525 13.4735 12.8602 13.4735H3.14004C2.24774 13.4735 1.68575 12.5126 2.12321 11.7349L6.98331 3.0947ZM8.14541 3.58496C8.08169 3.47168 7.9186 3.47168 7.85488 3.58496L2.99478 12.2251C2.93229 12.3362 3.01257 12.4735 3.14004 12.4735H12.8602C12.9877 12.4735 13.068 12.3362 13.0055 12.2251L8.14541 3.58496Z\" \/>\n\t\t\t\t\t<\/svg>\n\t\t\t\t<\/span>\n\t\t\t\t<span data-wp-text=\"state.errorMessage\" id=\"g16923-melding-textarea-error-message\"><\/span>\n\t\t\t<\/div>\n\t<\/div>\n\t<p class='contact-submit'>\n<div class=\"contact-form__error\" data-wp-class--show-errors=\"state.showFormErrors\"><span class=\"contact-form__warning-icon\" aria-hidden=\"true\"><i><\/i><\/span><span class=\"contact-form__error-message\" tabindex=\"-1\" data-wp-watch=\"callbacks.focusOnValidationError\" data-wp-text=\"state.getFormErrorMessage\"><\/span><ul aria-label=\"Skjemafeil\">\n\t\t\t\t<template data-wp-each=\"state.getErrorList\" data-wp-key=\"context.item.id\">\n\t\t\t\t\t<li><a data-wp-bind--href=\"context.item.anchor\" data-wp-on--click=\"actions.scrollIntoView\" data-wp-text=\"context.item.label\"><\/a><\/li>\n\t\t\t\t<\/template>\n\t\t\t\t<\/ul><\/div><div class=\"contact-form__error\" data-wp-class--show-errors=\"state.showSubmissionError\" data-wp-text=\"context.submissionError\" tabindex=\"-1\" data-wp-watch=\"callbacks.focusOnSubmissionError\"><\/div>\t\t<button type='submit' class='pushbutton-wide'>Send inn<\/button>\t\t<input type='hidden' name='contact-form-id' value='16923' \/>\n\t\t<input type='hidden' name='action' value='grunion-contact-form' \/>\n\t\t<input type='hidden' name='contact-form-hash' value='8a377b7e23499261cddd7d8326f0c2c79fc075c4' \/>\n\t<\/p>\n<\/form>\n<\/div>\n","protected":false},"excerpt":{"rendered":"<p>Det er Sametingets bibliotek som produserer podcasten og denne serien med to episoder er spilt inn i samarbeid med Tr\u00e5anten samien d\u00e5ehkie, under &laquo;Amma tr\u00e5ante 2022.&raquo; Podcasten har ikke fast sendetid, men vil produsere flere episoder, med utgangspunkt i aktuelle tema, og med fokus p\u00e5 samiske forfattere og samisk litteratur. Vi har fokus p\u00e5 samiske &hellip; <\/p>\n<p class=\"link-more\"><a href=\"https:\/\/backup.gnist.dev\/sambib\/podcast\/\" class=\"more-link\">Fortsett \u00e5 lese<span class=\"screen-reader-text\"> \u00abPodcast\u00bb<\/span><\/a><\/p>\n","protected":false},"author":13,"featured_media":0,"parent":0,"menu_order":0,"comment_status":"closed","ping_status":"closed","template":"","meta":{"footnotes":""},"class_list":["post-16923","page","type-page","status-publish","hentry"],"jetpack_sharing_enabled":true,"jetpack_shortlink":"https:\/\/wp.me\/PaButM-4oX","_links":{"self":[{"href":"https:\/\/backup.gnist.dev\/sambib\/wp-json\/wp\/v2\/pages\/16923","targetHints":{"allow":["GET"]}}],"collection":[{"href":"https:\/\/backup.gnist.dev\/sambib\/wp-json\/wp\/v2\/pages"}],"about":[{"href":"https:\/\/backup.gnist.dev\/sambib\/wp-json\/wp\/v2\/types\/page"}],"author":[{"embeddable":true,"href":"https:\/\/backup.gnist.dev\/sambib\/wp-json\/wp\/v2\/users\/13"}],"replies":[{"embeddable":true,"href":"https:\/\/backup.gnist.dev\/sambib\/wp-json\/wp\/v2\/comments?post=16923"}],"version-history":[{"count":8,"href":"https:\/\/backup.gnist.dev\/sambib\/wp-json\/wp\/v2\/pages\/16923\/revisions"}],"predecessor-version":[{"id":17030,"href":"https:\/\/backup.gnist.dev\/sambib\/wp-json\/wp\/v2\/pages\/16923\/revisions\/17030"}],"wp:attachment":[{"href":"https:\/\/backup.gnist.dev\/sambib\/wp-json\/wp\/v2\/media?parent=16923"}],"curies":[{"name":"wp","href":"https:\/\/api.w.org\/{rel}","templated":true}]}}