{"id":18756,"date":"2023-06-29T09:32:41","date_gmt":"2023-06-29T07:32:41","guid":{"rendered":"https:\/\/backup.gnist.dev\/sambib\/?page_id=18756"},"modified":"2023-06-29T10:34:29","modified_gmt":"2023-06-29T08:34:29","slug":"buorre-lohkangeassi-god-lesesommer","status":"publish","type":"page","link":"https:\/\/backup.gnist.dev\/sambib\/buorre-lohkangeassi-god-lesesommer\/","title":{"rendered":"Buorre l\u00e5hk\u00e5mgiesse!       God lesesommer!"},"content":{"rendered":"<p><img data-recalc-dims=\"1\" loading=\"lazy\" decoding=\"async\" class=\"alignnone size-medium wp-image-18758\" src=\"https:\/\/i0.wp.com\/backup.gnist.dev\/sambib\/wp-content\/uploads\/2023\/06\/utstilling4.jpg?resize=300%2C225&#038;ssl=1\" alt=\"\" width=\"300\" height=\"225\" srcset=\"https:\/\/i0.wp.com\/backup.gnist.dev\/sambib\/wp-content\/uploads\/2023\/06\/utstilling4.jpg?resize=300%2C225&amp;ssl=1 300w, https:\/\/i0.wp.com\/backup.gnist.dev\/sambib\/wp-content\/uploads\/2023\/06\/utstilling4.jpg?resize=1024%2C768&amp;ssl=1 1024w, https:\/\/i0.wp.com\/backup.gnist.dev\/sambib\/wp-content\/uploads\/2023\/06\/utstilling4.jpg?resize=768%2C576&amp;ssl=1 768w, https:\/\/i0.wp.com\/backup.gnist.dev\/sambib\/wp-content\/uploads\/2023\/06\/utstilling4.jpg?resize=1536%2C1152&amp;ssl=1 1536w, https:\/\/i0.wp.com\/backup.gnist.dev\/sambib\/wp-content\/uploads\/2023\/06\/utstilling4.jpg?w=2000&amp;ssl=1 2000w\" sizes=\"auto, (max-width: 300px) 100vw, 300px\" \/><\/p>\n<p><a href=\"https:\/\/www.facebook.com\/groups\/306803294887389\/permalink\/630687975832251\/\">Utstilling av lulesamiske barne- og ungdomsb\u00f8ker p\u00e5 \u00c1rran &#8211; lulesamisk senter.<\/a><\/p>\n","protected":false},"excerpt":{"rendered":"<p>Utstilling av lulesamiske barne- og ungdomsb\u00f8ker p\u00e5 \u00c1rran &#8211; lulesamisk senter.<\/p>\n","protected":false},"author":8,"featured_media":0,"parent":0,"menu_order":0,"comment_status":"closed","ping_status":"closed","template":"","meta":{"footnotes":""},"class_list":["post-18756","page","type-page","status-publish","hentry"],"jetpack_sharing_enabled":true,"jetpack_shortlink":"https:\/\/wp.me\/PaButM-4Sw","_links":{"self":[{"href":"https:\/\/backup.gnist.dev\/sambib\/wp-json\/wp\/v2\/pages\/18756","targetHints":{"allow":["GET"]}}],"collection":[{"href":"https:\/\/backup.gnist.dev\/sambib\/wp-json\/wp\/v2\/pages"}],"about":[{"href":"https:\/\/backup.gnist.dev\/sambib\/wp-json\/wp\/v2\/types\/page"}],"author":[{"embeddable":true,"href":"https:\/\/backup.gnist.dev\/sambib\/wp-json\/wp\/v2\/users\/8"}],"replies":[{"embeddable":true,"href":"https:\/\/backup.gnist.dev\/sambib\/wp-json\/wp\/v2\/comments?post=18756"}],"version-history":[{"count":3,"href":"https:\/\/backup.gnist.dev\/sambib\/wp-json\/wp\/v2\/pages\/18756\/revisions"}],"predecessor-version":[{"id":18779,"href":"https:\/\/backup.gnist.dev\/sambib\/wp-json\/wp\/v2\/pages\/18756\/revisions\/18779"}],"wp:attachment":[{"href":"https:\/\/backup.gnist.dev\/sambib\/wp-json\/wp\/v2\/media?parent=18756"}],"curies":[{"name":"wp","href":"https:\/\/api.w.org\/{rel}","templated":true}]}}