{"id":6,"date":"2008-11-11T10:37:50","date_gmt":"2008-11-11T10:37:50","guid":{"rendered":"http:\/\/backup.gnist.dev\/sambib\/about\/"},"modified":"2023-05-10T10:11:01","modified_gmt":"2023-05-10T08:11:01","slug":"about","status":"publish","type":"page","link":"https:\/\/backup.gnist.dev\/sambib\/about\/","title":{"rendered":"Om oss\/Min birra"},"content":{"rendered":"<p>Dette nettstedet driftes av Troms fylkesbibliotek i samarbeid med Sametingets bibliotek. Nettstedet er en informasjonstjeneste om nye samiske utgivelser.<\/p>\n<p>Kontaktpersoner:<\/p>\n<p><span style=\"font-size: 1rem;\"><strong>Edel Olsen<\/strong>,<\/span><span style=\"font-size: 1rem;\">\u00a0 r\u00e5dgiver Samisk bibliotektjeneste, Troms fylkesbibliotek<\/span><\/p>\n<p><span style=\"font-size: 1rem;\">Kontorsted:,<\/span>Senter for nordlige folk<span style=\"font-size: 1rem;\">, 9144 Sa<\/span>muelsberg, Norge<\/p>\n<p>Telefon:\u00a0 777 88 379<\/p>\n<p>E-post:\u00a0 <a href=\"mailto:edel.olsen@tffk.no\">edel.olsen@tffk.no<\/a><\/p>\n<p>&nbsp;<\/p>\n<p><strong>Marianne Kappfjell,<\/strong> r\u00e5dgiver og litteraturformidler for s\u00f8rsamisk omr\u00e5de, Sametingets bibliotek.<\/p>\n<p>Kontorsted: Saemiedigkie v\/Sijti Jarnge, Samisk spr\u00e5k og kultursenter i Hattfjelldal.<\/p>\n<p>E-post:\u00a0 <a href=\"mailto:marianne.kappfjell@samediggi.no\">marianne.kappfjell@samediggi.no<\/a><\/p>\n<p>Mobil: 99037736<\/p>\n<p>Adresse: Saemiedigkie\/Sametinget Sveanvegen 20, 8692 Hattfjelldal<\/p>\n<p>&nbsp;<\/p>\n<p><strong>P\u00e4ivi Alanen<\/strong>, r\u00e5dgiver og litteraturformidler for lulesamisk omr\u00e5de, Sametingets bibliotek.<\/p>\n<p>Kontorsted:\u00a0 \u00c1rran lulesamisk senter p\u00e5\u00a0 Drag.<\/p>\n<p>E-post: paivi.alanen@samediggi.no<\/p>\n<p>Mobil: 48211006<\/p>\n<p>Adresse: S\u00e1mediggi\/Sametinget, Nj\u00e1rgga 33, 8270 Drag<\/p>\n<p>&nbsp;<\/p>\n<p>&nbsp;<\/p>\n<p><a href=\"http:\/\/backup.gnist.dev\/sambib\/wp-content\/uploads\/2010\/09\/sametingetsbibliotek.jpg\"><strong>\u00a0<\/strong><\/a><\/p>\n<p><strong>\u00a0<\/strong><\/p>\n<p><strong><a href=\"http:\/\/backup.gnist.dev\/sambib\/wp-content\/uploads\/2010\/09\/peter_sarri-1.jpg\">\u00a0<\/a><\/strong><\/p>\n","protected":false},"excerpt":{"rendered":"<p>Dette nettstedet driftes av Troms fylkesbibliotek i samarbeid med Sametingets bibliotek. Nettstedet er en informasjonstjeneste om nye samiske utgivelser. Kontaktpersoner: Edel Olsen,\u00a0 r\u00e5dgiver Samisk bibliotektjeneste, Troms fylkesbibliotek Kontorsted:,Senter for nordlige folk, 9144 Samuelsberg, Norge Telefon:\u00a0 777 88 379 E-post:\u00a0 edel.olsen@tffk.no &nbsp; Marianne Kappfjell, r\u00e5dgiver og litteraturformidler for s\u00f8rsamisk omr\u00e5de, Sametingets bibliotek. Kontorsted: Saemiedigkie v\/Sijti Jarnge, &hellip; <\/p>\n<p class=\"link-more\"><a href=\"https:\/\/backup.gnist.dev\/sambib\/about\/\" class=\"more-link\">Fortsett \u00e5 lese<span class=\"screen-reader-text\"> \u00abOm oss\/Min birra\u00bb<\/span><\/a><\/p>\n","protected":false},"author":7,"featured_media":0,"parent":0,"menu_order":0,"comment_status":"closed","ping_status":"closed","template":"","meta":{"jetpack_post_was_ever_published":false,"footnotes":""},"class_list":["post-6","page","type-page","status-publish","hentry"],"jetpack_sharing_enabled":true,"jetpack_shortlink":"https:\/\/wp.me\/PaButM-6","_links":{"self":[{"href":"https:\/\/backup.gnist.dev\/sambib\/wp-json\/wp\/v2\/pages\/6","targetHints":{"allow":["GET"]}}],"collection":[{"href":"https:\/\/backup.gnist.dev\/sambib\/wp-json\/wp\/v2\/pages"}],"about":[{"href":"https:\/\/backup.gnist.dev\/sambib\/wp-json\/wp\/v2\/types\/page"}],"author":[{"embeddable":true,"href":"https:\/\/backup.gnist.dev\/sambib\/wp-json\/wp\/v2\/users\/7"}],"replies":[{"embeddable":true,"href":"https:\/\/backup.gnist.dev\/sambib\/wp-json\/wp\/v2\/comments?post=6"}],"version-history":[{"count":14,"href":"https:\/\/backup.gnist.dev\/sambib\/wp-json\/wp\/v2\/pages\/6\/revisions"}],"predecessor-version":[{"id":18460,"href":"https:\/\/backup.gnist.dev\/sambib\/wp-json\/wp\/v2\/pages\/6\/revisions\/18460"}],"wp:attachment":[{"href":"https:\/\/backup.gnist.dev\/sambib\/wp-json\/wp\/v2\/media?parent=6"}],"curies":[{"name":"wp","href":"https:\/\/api.w.org\/{rel}","templated":true}]}}